{"id":137,"date":"2010-11-14T23:40:31","date_gmt":"2010-11-14T23:40:31","guid":{"rendered":"http:\/\/piquemil.com\/website\/?page_id=137"},"modified":"2013-02-23T15:29:50","modified_gmt":"2013-02-23T15:29:50","slug":"prestations","status":"publish","type":"page","link":"http:\/\/www.piquemil.com\/website\/prestations","title":{"rendered":"Prestations"},"content":{"rendered":"<p>Tout ce dont vous aurez besoin est d\u00e9j\u00e0 surplace:<\/p>\n<ul>\n<li>Piscine priv\u00e9e sans vis \u00e0 vis<\/li>\n<li>Lave-linge<\/li>\n<li>Lave vaisselle<\/li>\n<li>Frigo-cong\u00e9lateur<\/li>\n<li>Barbecue<\/li>\n<li>Cafeti\u00e8re<\/li>\n<li>Cuisine \u00e9quip\u00e9e<\/li>\n<li>Acc\u00e8s internet<\/li>\n<\/ul>\n<p>Commerces \u00e0 proximit\u00e9.<br \/>\n<!--more--><\/p>\n<p>Maitrisez votre budget vacance sans \u00eatre oblig\u00e9 d&rsquo;aller au restaurant pour chaque repas, \u00e0 Piquemil vous \u00eates autonome.<br \/>\nPiquemil c&rsquo;est deux maison en une, pour appr\u00e9cier la joie des vacances en famille et avec des amis, tout en pr\u00e9servant son intimit\u00e9.<\/p>\n","protected":false},"excerpt":{"rendered":"<p>Tout ce dont vous aurez besoin est d\u00e9j\u00e0 surplace: Piscine priv\u00e9e sans vis \u00e0 vis Lave-linge Lave vaisselle Frigo-cong\u00e9lateur Barbecue Cafeti\u00e8re Cuisine \u00e9quip\u00e9e Acc\u00e8s internet Commerces \u00e0 proximit\u00e9.<\/p>\n","protected":false},"author":1,"featured_media":0,"parent":0,"menu_order":0,"comment_status":"closed","ping_status":"open","template":"","meta":[],"_links":{"self":[{"href":"http:\/\/www.piquemil.com\/website\/wp-json\/wp\/v2\/pages\/137"}],"collection":[{"href":"http:\/\/www.piquemil.com\/website\/wp-json\/wp\/v2\/pages"}],"about":[{"href":"http:\/\/www.piquemil.com\/website\/wp-json\/wp\/v2\/types\/page"}],"author":[{"embeddable":true,"href":"http:\/\/www.piquemil.com\/website\/wp-json\/wp\/v2\/users\/1"}],"replies":[{"embeddable":true,"href":"http:\/\/www.piquemil.com\/website\/wp-json\/wp\/v2\/comments?post=137"}],"version-history":[{"count":10,"href":"http:\/\/www.piquemil.com\/website\/wp-json\/wp\/v2\/pages\/137\/revisions"}],"predecessor-version":[{"id":247,"href":"http:\/\/www.piquemil.com\/website\/wp-json\/wp\/v2\/pages\/137\/revisions\/247"}],"wp:attachment":[{"href":"http:\/\/www.piquemil.com\/website\/wp-json\/wp\/v2\/media?parent=137"}],"curies":[{"name":"wp","href":"https:\/\/api.w.org\/{rel}","templated":true}]}}