{"id":6,"date":"2010-06-16T20:57:59","date_gmt":"2010-06-16T20:57:59","guid":{"rendered":"http:\/\/piquemil.com\/website\/?page_id=6"},"modified":"2019-06-10T22:46:04","modified_gmt":"2019-06-10T22:46:04","slug":"visite-virtuelle","status":"publish","type":"page","link":"http:\/\/www.piquemil.com\/website\/visite-virtuelle","title":{"rendered":"Visite virtuelle"},"content":{"rendered":"<p>Faites une visite de la maison avant m\u00eame de vous d\u00e9placer.<\/p>\n<p>Bien plus parlante que de simples photos parfois flatteuses , la visite virtuelle interactive permet une immersion totale dans le lieu qui sera peut \u00eatre le nid de vos prochaines vacances.<\/p>\n<p><!--more--><br \/>\n<iframe loading=\"lazy\" src=\"http:\/\/www.piquemil.com\/website\/vtour\/\" frameborder=\"0\" width=\"100%\" height=\"400px\" scrolling=\"no\" allowfullscreen=\"true\" webkitallowfullscreen=\"true\" mozallowfullscreen=\"true\" oallowfullscreen=\"true\" msallowfullscreen=\"true\"><\/iframe><\/p>\n<p><a href=\"http:\/\/www.piquemil.com\/website\/vtour\/\">D\u00e9marrer la visite en plein \u00e9cran<\/a><\/p>\n<p>Une fois le t\u00e9l\u00e9chargement de l&rsquo;image termin\u00e9 d\u00e9placez vous avec la souris en maintenant le clic gauche et en d\u00e9placent la souris. Vous pouvez aussi utiliser les fl\u00e8ches. Pour changer de pi\u00e8ce il suffit de choisir dans le menu d\u00e9roulant \u00e0 situ\u00e9 \u00e0 gauche.<\/p>\n","protected":false},"excerpt":{"rendered":"<p>Faites une visite de la maison avant m\u00eame de vous d\u00e9placer. Bien plus parlante que de simples photos parfois flatteuses , la visite virtuelle interactive permet une immersion totale dans le lieu qui sera peut \u00eatre le nid de vos prochaines vacances.<\/p>\n","protected":false},"author":1,"featured_media":0,"parent":0,"menu_order":4,"comment_status":"closed","ping_status":"closed","template":"","meta":[],"_links":{"self":[{"href":"http:\/\/www.piquemil.com\/website\/wp-json\/wp\/v2\/pages\/6"}],"collection":[{"href":"http:\/\/www.piquemil.com\/website\/wp-json\/wp\/v2\/pages"}],"about":[{"href":"http:\/\/www.piquemil.com\/website\/wp-json\/wp\/v2\/types\/page"}],"author":[{"embeddable":true,"href":"http:\/\/www.piquemil.com\/website\/wp-json\/wp\/v2\/users\/1"}],"replies":[{"embeddable":true,"href":"http:\/\/www.piquemil.com\/website\/wp-json\/wp\/v2\/comments?post=6"}],"version-history":[{"count":34,"href":"http:\/\/www.piquemil.com\/website\/wp-json\/wp\/v2\/pages\/6\/revisions"}],"predecessor-version":[{"id":281,"href":"http:\/\/www.piquemil.com\/website\/wp-json\/wp\/v2\/pages\/6\/revisions\/281"}],"wp:attachment":[{"href":"http:\/\/www.piquemil.com\/website\/wp-json\/wp\/v2\/media?parent=6"}],"curies":[{"name":"wp","href":"https:\/\/api.w.org\/{rel}","templated":true}]}}